{"id":710,"date":"2014-10-08T10:06:52","date_gmt":"2014-10-08T09:06:52","guid":{"rendered":"http:\/\/www.nicolasclaveau.com\/designers-lr\/?page_id=710"},"modified":"2023-07-02T09:35:54","modified_gmt":"2023-07-02T07:35:54","slug":"nicolas-claveau-2","status":"publish","type":"page","link":"https:\/\/points-communs-graphisme.fr\/index.php\/nicolas-claveau-2\/","title":{"rendered":"\u00c0 PROPOS"},"content":{"rendered":"<p>Amorc\u00e9 en 2007 avec le soutien de l&rsquo;ECM Kawenga (Montpellier &#8211; France), les <em>points communs graphisme<\/em> consistent \u00e0 pr\u00e9senter des sujets attenants au design graphique.<\/p>\n<p><em>En tant que graphiste, je me nourris dans mon m\u00e9tier de beaucoup de choses, illustration, design, architecture\u2026 L\u2019id\u00e9e de ces rencontres est venue d\u2019une envie de faire se croiser diff\u00e9rents acteurs, souvent compl\u00e9mentaires de notre travail, de pouvoir \u00e9changer avec eux et se nourrir mutuellement de nos exp\u00e9riences\u2026 L\u2019autre envie \u00e9tait d\u2019ouvrir la programmation \u00e0 la participation de chacun, pour proposer des th\u00e8mes, lancer des invitations, laisser ainsi une place<\/em><br \/>\n<em>\u00e0 la libert\u00e9 d\u2019expression.<\/em> Nicolas CLAVEAU<\/p>\n<p>Conf\u00e9rences, ateliers techniques, rencontres th\u00e9matiques sur des points l\u00e9gislatifs ou administratifs\u2026 En quelques s\u00e9ances, les Points Communs Graphismes de Kawenga sont devenus plus qu\u2019un cabinet de curiosit\u00e9s,<br \/>\n\u00ab une bo\u00eete \u00e0 outils \u00bb, accessible au public le plus large possible, partageant une m\u00eame sensibilit\u00e9 pour le graphisme et souhaitant \u00e9changer sur ses pratiques,<br \/>\nm\u00eame en tant qu\u2019amateur\u2026<br \/>\n<a href=\"http:\/\/points-communs-graphisme.fr\/wp-content\/uploads\/2023\/07\/135_503_TIPTOP_points-communs-2010_web-1.pdf\" target=\"_blank\" rel=\"noopener\">Lire les deux pages pr\u00e9sentant ce projet &#8211; PDF complet de l&rsquo;article de presse.<\/a><\/p>\n<p><strong>Au travers de ce projet plusieurs rencontres ont \u00e9t\u00e9 organis\u00e9es :\u00a0<\/strong><br \/>\n&#8211; 2007 \/ Cyril HATT (plasticien)<br \/>\n&#8211; 2008 \/ Rapha\u00ebl BASTIDE (designer graphique et chercheur)<br \/>\n&#8211; 2008 \/ Selma LEPART (plasticienne)<br \/>\n&#8211; 2009 \/ Pierre SOLETTI (po\u00e8te)<br \/>\n&#8211; 2010 \/ Marc WEBSTER (designer) \u2013 Fernand DUTILLEUX (designer graphique) \u2013 Erwan SOYER (designer graphique)<br \/>\n&#8211; 2010 \/ Christophe ANDR\u00c9 &#8211; www.entropie.com (designer d&rsquo;objets libres)<br \/>\n&#8211; 2011 \/ BON CAILLOU<br \/>\n&#8211; 2011 \/ Christelle KIRCHSTETTER<br \/>\n&#8211; 2012 \/ Cl\u00e9mentine MAGIERA (photocompteuse)<br \/>\n\u2026<\/p>\n<p>D&rsquo;autres projets repr\u00e9sentant une continuit\u00e9 :<br \/>\n&#8211; graphistes-LR (communaut\u00e9 de professionnels de la r\u00e9gion Languedoc &#8211; 2015 &gt; 2016)<br \/>\n&#8211; les 3 \u00e9ditions du micro-festival (atelier et expositions),<br \/>\n&#8211; les soir\u00e9es Coup d&rsquo;\u0153il (design + sport, graphisme + livre\u2026) \u00e0 l&rsquo;espace Transit (Montpellier) et au Centre d&rsquo;arts appliqu\u00e9s La Fen\u00eatre (Montpellier).<\/p>\n<p>10 ans apr\u00e8s le dernier rendez-vous Points Communs Graphisme, je me relance dans l&rsquo;aventure, avec la seconde soir\u00e9e <em>Coup d&rsquo;\u0153il<\/em> (graphisme + livre) pr\u00e9sent\u00e9 d\u00e9but juin 2023 dans le cadre du festival <a href=\"https:\/\/la-fenetre.com\/evenement\/graphims\/graphims-les-rdv\/\" target=\"_blank\" rel=\"noopener\"><em>Gaphims<\/em><\/a> au Centre d&rsquo;arts appliqu\u00e9s La Fen\u00eatre, avec la volont\u00e9 du partage de connaissances dans la bonne humeur (bon vin, pain et fromages compris).<\/p>\n<p>Ce site compile mes trouvailles, au fil de mes recherches, et hasard de navigation dans le vaste monde du web. J&rsquo;esp\u00e8re que ces r\u00e9f\u00e9rences nourriront votre culture graphique, et que vous suivrez l&rsquo;\u00e9volution de ce site avec autant de plaisir que j&rsquo;ai \u00e0 l&rsquo;alimenter.<\/p>\n<p>Ce site me sert \u00e0 partager ces r\u00e9f\u00e9rences durant mes cours en histoire du design graphique et en graphisme, workshops et ateliers.<\/p>\n<p>Pour toutes remarques, conseils, ajouts, vous pouvez me contacter sur la page suivante :<a href=\"http:\/\/www.nicolasclaveau.com\/contact\/\" target=\"_blank\" rel=\"noopener noreferrer\"> http:\/\/www.nicolasclaveau.com\/contact\/<\/a><\/p>\n","protected":false},"excerpt":{"rendered":"<p>Amorc\u00e9 en 2007 avec le soutien de l&rsquo;ECM Kawenga (Montpellier &#8211; France), les points communs graphisme consistent \u00e0 pr\u00e9senter des sujets attenants au design graphique. En tant que&#8230;<\/p>\n","protected":false},"author":1,"featured_media":0,"parent":0,"menu_order":0,"comment_status":"closed","ping_status":"open","template":"","meta":{"footnotes":""},"class_list":["post-710","page","type-page","status-publish","hentry"],"_links":{"self":[{"href":"https:\/\/points-communs-graphisme.fr\/index.php\/wp-json\/wp\/v2\/pages\/710","targetHints":{"allow":["GET"]}}],"collection":[{"href":"https:\/\/points-communs-graphisme.fr\/index.php\/wp-json\/wp\/v2\/pages"}],"about":[{"href":"https:\/\/points-communs-graphisme.fr\/index.php\/wp-json\/wp\/v2\/types\/page"}],"author":[{"embeddable":true,"href":"https:\/\/points-communs-graphisme.fr\/index.php\/wp-json\/wp\/v2\/users\/1"}],"replies":[{"embeddable":true,"href":"https:\/\/points-communs-graphisme.fr\/index.php\/wp-json\/wp\/v2\/comments?post=710"}],"version-history":[{"count":23,"href":"https:\/\/points-communs-graphisme.fr\/index.php\/wp-json\/wp\/v2\/pages\/710\/revisions"}],"predecessor-version":[{"id":4946,"href":"https:\/\/points-communs-graphisme.fr\/index.php\/wp-json\/wp\/v2\/pages\/710\/revisions\/4946"}],"wp:attachment":[{"href":"https:\/\/points-communs-graphisme.fr\/index.php\/wp-json\/wp\/v2\/media?parent=710"}],"curies":[{"name":"wp","href":"https:\/\/api.w.org\/{rel}","templated":true}]}}